{"id":413,"date":"2025-05-19T14:02:17","date_gmt":"2025-05-19T14:02:17","guid":{"rendered":"https:\/\/nahum.agenciaadvantage.com\/?page_id=413"},"modified":"2025-11-01T08:59:14","modified_gmt":"2025-11-01T08:59:14","slug":"quienes-somos","status":"publish","type":"page","link":"https:\/\/nahum.agenciaadvantage.com\/index.php\/quienes-somos\/","title":{"rendered":"\u00bfQui\u00e9nes somos?"},"content":{"rendered":"<p>[et_pb_section fb_built=&#8221;1&#8243; admin_label=&#8221;Center Aligned Text &#8221; _builder_version=&#8221;4.16&#8243; background_color=&#8221;#f8fbfe&#8221; use_background_color_gradient=&#8221;on&#8221; background_color_gradient_direction=&#8221;135deg&#8221; background_color_gradient_stops=&#8221;#00c3d8 0%|#0780b5 100%&#8221; background_color_gradient_start=&#8221;#00c3d8&#8243; background_color_gradient_end=&#8221;#0780b5&#8243; background_image=&#8221;http:\/\/nahum.agenciaadvantage.com\/wp-content\/uploads\/2025\/10\/geometric-bg-overlay-01.jpg&#8221; background_blend=&#8221;overlay&#8221; custom_padding=&#8221;10%|0px|5%|0px&#8221; animation_style=&#8221;zoom&#8221; animation_direction=&#8221;bottom&#8221; animation_intensity_zoom=&#8221;8%&#8221; animation_starting_opacity=&#8221;100%&#8221; global_colors_info=&#8221;{}&#8221;][et_pb_row _builder_version=&#8221;4.16&#8243; global_colors_info=&#8221;{}&#8221;][et_pb_column type=&#8221;4_4&#8243; _builder_version=&#8221;4.16&#8243; custom_padding=&#8221;|||&#8221; global_colors_info=&#8221;{}&#8221; custom_padding__hover=&#8221;|||&#8221;][et_pb_text _builder_version=&#8221;4.21.0&#8243; text_font=&#8221;Nunito Sans||||||||&#8221; text_text_color=&#8221;#ffffff&#8221; text_font_size=&#8221;18px&#8221; text_line_height=&#8221;1.9em&#8221; header_font=&#8221;Nunito Sans|700|||||||&#8221; header_font_size=&#8221;45px&#8221; header_line_height=&#8221;1.3em&#8221; header_2_font=&#8221;||||||||&#8221; text_orientation=&#8221;center&#8221; background_layout=&#8221;dark&#8221; max_width=&#8221;700px&#8221; module_alignment=&#8221;center&#8221; hover_enabled=&#8221;0&#8243; global_colors_info=&#8221;{}&#8221; sticky_enabled=&#8221;0&#8243;]<\/p>\n<h1>\u00bfQui\u00e9nes somos?<\/h1>\n<p><span style=\"font-size: xx-large;\">Monitorea, protege y recibe con confianza.<\/span><\/p>\n<p>[\/et_pb_text][\/et_pb_column][\/et_pb_row][\/et_pb_section][et_pb_section fb_built=&#8221;1&#8243; admin_label=&#8221;Features CTA Section&#8221; _builder_version=&#8221;4.16&#8243; custom_padding=&#8221;100px|0px|39px|0px||&#8221; saved_tabs=&#8221;all&#8221; global_colors_info=&#8221;{}&#8221;][et_pb_row column_structure=&#8221;1_2,1_2&#8243; admin_label=&#8221;Left Sided Image&#8221; _builder_version=&#8221;4.21.0&#8243; custom_padding=&#8221;60px|0px|60px|0px&#8221; global_colors_info=&#8221;{}&#8221;][et_pb_column type=&#8221;1_2&#8243; _builder_version=&#8221;4.21.0&#8243; _module_preset=&#8221;default&#8221; global_colors_info=&#8221;{}&#8221;][et_pb_text _builder_version=&#8221;4.16&#8243; text_font=&#8221;Nunito Sans||||||||&#8221; text_text_color=&#8221;#959baf&#8221; text_font_size=&#8221;18px&#8221; text_line_height=&#8221;1.8em&#8221; header_font=&#8221;||||||||&#8221; header_text_align=&#8221;left&#8221; header_2_font=&#8221;Nunito Sans|700|||||||&#8221; header_2_text_color=&#8221;#535b7c&#8221; header_2_font_size=&#8221;35px&#8221; header_2_line_height=&#8221;1.3em&#8221; max_width=&#8221;700px&#8221; module_alignment=&#8221;center&#8221; global_colors_info=&#8221;{}&#8221;]<\/p>\n<h2>Impulsamos la confianza y la calidad en la cadena de fr\u00edo<\/h2>\n<p>Nawari nace con la misi\u00f3n de hacer que la tecnolog\u00eda trabaje a favor de la calidad, la trazabilidad y la confianza entre productores, transportistas y clientes.<br data-start=\"816\" data-end=\"819\" \/>Creamos soluciones que permiten monitorear en tiempo real las condiciones de transporte, asegurando que cada producto llegue en las mejores condiciones posibles.<\/p>\n<p>[\/et_pb_text][\/et_pb_column][et_pb_column type=&#8221;1_2&#8243; _builder_version=&#8221;4.16&#8243; custom_padding=&#8221;|||&#8221; global_colors_info=&#8221;{}&#8221; custom_padding__hover=&#8221;|||&#8221;][et_pb_image src=&#8221;http:\/\/nahum.agenciaadvantage.com\/wp-content\/uploads\/2025\/10\/AdobeStock_1726555742-scaled.jpeg&#8221; title_text=&#8221;Professional Refrigerated Truck Loading Pallets of Chilled Goods in Industrial Warehouse for Modern Cold Chain Logistics Marketing Content&#8221; align_tablet=&#8221;center&#8221; align_phone=&#8221;center&#8221; align_last_edited=&#8221;on|desktop&#8221; _builder_version=&#8221;4.21.0&#8243; animation_style=&#8221;zoom&#8221; animation_direction=&#8221;right&#8221; animation_intensity_zoom=&#8221;5%&#8221; global_colors_info=&#8221;{}&#8221;][\/et_pb_image][\/et_pb_column][\/et_pb_row][\/et_pb_section][et_pb_section fb_built=&#8221;1&#8243; admin_label=&#8221;Features CTA Section&#8221; _builder_version=&#8221;4.16&#8243; custom_padding=&#8221;0px|0px|0px|0px||&#8221; saved_tabs=&#8221;all&#8221; global_colors_info=&#8221;{}&#8221;][et_pb_row column_structure=&#8221;1_2,1_2&#8243; admin_label=&#8221;Right Sided Image&#8221; _builder_version=&#8221;4.21.0&#8243; custom_padding=&#8221;60px|0px|60px|0px&#8221; global_colors_info=&#8221;{}&#8221;][et_pb_column type=&#8221;1_2&#8243; _builder_version=&#8221;4.16&#8243; custom_padding=&#8221;|||&#8221; global_colors_info=&#8221;{}&#8221; custom_padding__hover=&#8221;|||&#8221;][et_pb_text _builder_version=&#8221;4.21.0&#8243; text_font=&#8221;Nunito Sans||||||||&#8221; text_text_color=&#8221;#959baf&#8221; text_font_size=&#8221;18px&#8221; text_line_height=&#8221;1.8em&#8221; header_font=&#8221;||||||||&#8221; header_text_align=&#8221;left&#8221; header_2_font=&#8221;Nunito Sans|700|||||||&#8221; header_2_text_color=&#8221;#535b7c&#8221; header_2_font_size=&#8221;35px&#8221; header_2_line_height=&#8221;1.3em&#8221; text_orientation=&#8221;center&#8221; max_width=&#8221;700px&#8221; module_alignment=&#8221;center&#8221; global_colors_info=&#8221;{}&#8221;]<\/p>\n<h2>Nuestra visi\u00f3n<\/h2>\n<p>Convertirnos en la plataforma mexicana l\u00edder en monitoreo inteligente para la cadena de fr\u00edo, promoviendo la innovaci\u00f3n, la eficiencia y la sostenibilidad en todos los sectores que dependen del control de temperatura.<\/p>\n<p>[\/et_pb_text][\/et_pb_column][et_pb_column type=&#8221;1_2&#8243; _builder_version=&#8221;4.16&#8243; custom_padding=&#8221;|||&#8221; global_colors_info=&#8221;{}&#8221; custom_padding__hover=&#8221;|||&#8221;][et_pb_image src=&#8221;http:\/\/nahum.agenciaadvantage.com\/wp-content\/uploads\/2025\/10\/virtual-courses-illustration-17@2x.png&#8221; title_text=&#8221;virtual-courses-illustration-17@2x&#8221; _builder_version=&#8221;4.21.0&#8243; _module_preset=&#8221;default&#8221; width=&#8221;58%&#8221; module_alignment=&#8221;center&#8221; global_colors_info=&#8221;{}&#8221;][\/et_pb_image][\/et_pb_column][\/et_pb_row][et_pb_row column_structure=&#8221;2_5,3_5&#8243; admin_label=&#8221;Right Sided Image&#8221; _builder_version=&#8221;4.21.0&#8243; width=&#8221;100%&#8221; max_width=&#8221;1337px&#8221; custom_padding=&#8221;60px|0px|60px|0px&#8221; global_colors_info=&#8221;{}&#8221;][et_pb_column type=&#8221;2_5&#8243; _builder_version=&#8221;4.16&#8243; custom_padding=&#8221;|||&#8221; global_colors_info=&#8221;{}&#8221; custom_padding__hover=&#8221;|||&#8221;][et_pb_image src=&#8221;http:\/\/nahum.agenciaadvantage.com\/wp-content\/uploads\/2025\/10\/feature-img-1-2.jpg&#8221; title_text=&#8221;feature-img-1-2&#8243; _builder_version=&#8221;4.21.0&#8243; _module_preset=&#8221;default&#8221; width=&#8221;70%&#8221; module_alignment=&#8221;right&#8221; global_colors_info=&#8221;{}&#8221;][\/et_pb_image][\/et_pb_column][et_pb_column type=&#8221;3_5&#8243; _builder_version=&#8221;4.16&#8243; custom_padding=&#8221;|||&#8221; global_colors_info=&#8221;{}&#8221; custom_padding__hover=&#8221;|||&#8221;][et_pb_text _builder_version=&#8221;4.21.0&#8243; text_font=&#8221;Nunito Sans||||||||&#8221; text_text_color=&#8221;#959baf&#8221; text_font_size=&#8221;18px&#8221; text_line_height=&#8221;1.8em&#8221; header_font=&#8221;||||||||&#8221; header_text_align=&#8221;left&#8221; header_2_font=&#8221;Nunito Sans|700|||||||&#8221; header_2_text_color=&#8221;#535b7c&#8221; header_2_font_size=&#8221;35px&#8221; header_2_line_height=&#8221;1.3em&#8221; text_orientation=&#8221;center&#8221; max_width=&#8221;963px&#8221; module_alignment=&#8221;center&#8221; global_colors_info=&#8221;{}&#8221;]<\/p>\n<h2>Nuestros valores<\/h2>\n<p><strong data-start=\"1277\" data-end=\"1295\">Transparencia:<\/strong> Cada dato cuenta, cada env\u00edo se respalda con evidencia.<br \/><strong data-start=\"1356\" data-end=\"1371\">Compromiso:<\/strong> Acompa\u00f1amos a nuestros clientes en su crecimiento.<br \/><strong data-start=\"1502\" data-end=\"1516\">Confianza:<\/strong> Creamos tecnolog\u00eda que inspira seguridad y profesionalismo.<\/p>\n<p>[\/et_pb_text][\/et_pb_column][\/et_pb_row][\/et_pb_section][et_pb_section fb_built=&#8221;1&#8243; _builder_version=&#8221;4.21.0&#8243; _module_preset=&#8221;default&#8221; global_colors_info=&#8221;{}&#8221;][et_pb_row _builder_version=&#8221;4.21.0&#8243; _module_preset=&#8221;default&#8221; global_colors_info=&#8221;{}&#8221;][et_pb_column type=&#8221;4_4&#8243; _builder_version=&#8221;4.21.0&#8243; _module_preset=&#8221;default&#8221; global_colors_info=&#8221;{}&#8221;][et_pb_text _builder_version=&#8221;4.21.0&#8243; _module_preset=&#8221;default&#8221; text_font=&#8221;|800|||||||&#8221; text_text_color=&#8221;#535b7c&#8221; text_font_size=&#8221;80px&#8221; global_colors_info=&#8221;{}&#8221;]Historia[\/et_pb_text][et_pb_slider _builder_version=&#8221;4.21.0&#8243; _module_preset=&#8221;default&#8221; global_colors_info=&#8221;{}&#8221;][et_pb_slide heading=&#8221;28\/05\/2025 &#8221; button_text=&#8221;Click Here&#8221; image=&#8221;http:\/\/nahum.agenciaadvantage.com\/wp-content\/uploads\/2025\/11\/eq.jpg&#8221; _builder_version=&#8221;4.21.0&#8243; _module_preset=&#8221;default&#8221; header_font=&#8221;|700|||||||&#8221; header_text_color=&#8221;#0C71C3&#8243; text_orientation=&#8221;center&#8221; background_layout=&#8221;light&#8221; global_colors_info=&#8221;{}&#8221; sticky_transition=&#8221;on&#8221;]<\/p>\n<p>Participaci\u00f3n<br \/>Cumbre Nacional de Desarrollo Tecnol\u00f3gico, Emprendimiento e Innovaci\u00f3n &#8220;InnovaTecNM&#8221;<br \/><span style=\"color: #0c71c3;\"><strong><em>Etapa Local<\/em><\/strong><\/span><\/p>\n<p>[\/et_pb_slide][et_pb_slide heading=&#8221;Prototipo Inicial&#8221; image=&#8221;http:\/\/nahum.agenciaadvantage.com\/wp-content\/uploads\/2025\/11\/Naw1.jpg&#8221; _builder_version=&#8221;4.21.0&#8243; _module_preset=&#8221;default&#8221; header_font=&#8221;|700|||||||&#8221; header_text_color=&#8221;#0C71C3&#8243; background_layout=&#8221;light&#8221; global_colors_info=&#8221;{}&#8221; sticky_transition=&#8221;on&#8221;]<\/p>\n<p>Se inicio con un microcontrolador, sensores de temperatura y geolocalizaci\u00f3n<\/p>\n<p>[\/et_pb_slide][et_pb_slide heading=&#8221;Interfaz de monitoreo&#8221; image=&#8221;http:\/\/nahum.agenciaadvantage.com\/wp-content\/uploads\/2025\/11\/i1.jpg&#8221; _builder_version=&#8221;4.21.0&#8243; _module_preset=&#8221;default&#8221; header_level=&#8221;h4&#8243; header_font=&#8221;|700|||||||&#8221; header_text_color=&#8221;#0C71C3&#8243; header_font_size=&#8221;33px&#8221; background_layout=&#8221;light&#8221; global_colors_info=&#8221;{}&#8221; sticky_transition=&#8221;on&#8221;]Interfaz Simple solo muestra ubicaci\u00f3n[\/et_pb_slide][et_pb_slide heading=&#8221;26\/09\/2025 &#8221; button_text=&#8221;Click Here&#8221; image=&#8221;http:\/\/nahum.agenciaadvantage.com\/wp-content\/uploads\/2025\/11\/eq2.jpg&#8221; _builder_version=&#8221;4.21.0&#8243; _module_preset=&#8221;default&#8221; header_font=&#8221;|700|||||||&#8221; header_text_color=&#8221;#0C71C3&#8243; text_orientation=&#8221;center&#8221; background_layout=&#8221;light&#8221; global_colors_info=&#8221;{}&#8221; sticky_transition=&#8221;on&#8221;]<\/p>\n<p>Participaci\u00f3n<br \/>Cumbre Nacional de Desarrollo Tecnol\u00f3gico, Emprendimiento e Innovaci\u00f3n &#8220;InnovaTecNM&#8221;<br \/><strong><em><span style=\"color: #0c71c3;\">Etapa Regional<\/span><\/em><\/strong><\/p>\n<p>[\/et_pb_slide][et_pb_slide heading=&#8221;Prototipo 2.0&#8243; image=&#8221;http:\/\/nahum.agenciaadvantage.com\/wp-content\/uploads\/2025\/11\/Naw-2.png&#8221; _builder_version=&#8221;4.21.0&#8243; _module_preset=&#8221;default&#8221; header_font=&#8221;|700|||||||&#8221; header_text_color=&#8221;#0C71C3&#8243; background_layout=&#8221;light&#8221; global_colors_info=&#8221;{}&#8221; sticky_transition=&#8221;on&#8221;]<\/p>\n<p>En esta etapa se incorporaron mejoras significativas al sistema.<br data-start=\"250\" data-end=\"253\" \/>Se dise\u00f1\u00f3 un <span style=\"color: #0c71c3;\"><strong data-start=\"266\" data-end=\"298\">case m\u00e1s est\u00e9tico y port\u00e1til<\/strong><\/span>, acompa\u00f1ado de una <span style=\"color: #0c71c3;\"><strong data-start=\"318\" data-end=\"355\">fuente de alimentaci\u00f3n secundaria<\/strong><\/span> para asegurar continuidad en el funcionamiento.<br data-start=\"403\" data-end=\"406\" \/>Adem\u00e1s, se integr\u00f3 un <span style=\"color: #0c71c3;\"><strong data-start=\"428\" data-end=\"458\">reloj de tiempo real<\/strong><\/span>\u00a0para registrar con precisi\u00f3n cada evento, junto con <span style=\"color: #0c71c3;\"><strong data-start=\"511\" data-end=\"535\">almacenamiento local<\/strong><\/span> que garantiza la conservaci\u00f3n de datos incluso ante la p\u00e9rdida de se\u00f1al.<br data-start=\"608\" data-end=\"611\" \/>El<span style=\"color: #0c71c3;\"> <strong data-start=\"614\" data-end=\"654\">sensor de temperatura fue optimizado<\/strong><\/span> para mayor exactitud, y se a\u00f1adieron nuevas funciones como un <span style=\"color: #0c71c3;\"><strong data-start=\"717\" data-end=\"736\">bot\u00f3n de p\u00e1nico<\/strong><\/span> para emergencias y un <span style=\"color: #0c71c3;\"><strong data-start=\"759\" data-end=\"786\">indicador tipo sem\u00e1foro<\/strong><\/span> que muestra visualmente el estado t\u00e9rmico del sistema.<\/p>\n<p>[\/et_pb_slide][et_pb_slide heading=&#8221;Interfaz de monitoreo&#8221; image=&#8221;http:\/\/nahum.agenciaadvantage.com\/wp-content\/uploads\/2025\/11\/i3.jpg&#8221; _builder_version=&#8221;4.21.0&#8243; _module_preset=&#8221;default&#8221; header_level=&#8221;h4&#8243; header_font=&#8221;|700|||||||&#8221; header_text_color=&#8221;#0C71C3&#8243; header_font_size=&#8221;33px&#8221; background_layout=&#8221;light&#8221; global_colors_info=&#8221;{}&#8221; sticky_transition=&#8221;on&#8221;]Interfaz muestra el punto exacto de la ubicaci\u00f3n y muestra los datos en tiempo real[\/et_pb_slide][\/et_pb_slider][\/et_pb_column][\/et_pb_row][\/et_pb_section][et_pb_section fb_built=&#8221;1&#8243; admin_label=&#8221;Get Started CTA&#8221; _builder_version=&#8221;4.16&#8243; background_color=&#8221;#202332&#8243; custom_padding=&#8221;0px|0px|100px|0px&#8221; box_shadow_style=&#8221;preset3&#8243; box_shadow_vertical=&#8221;160px&#8221; box_shadow_blur=&#8221;0px&#8221; box_shadow_spread=&#8221;-80px&#8221; box_shadow_color=&#8221;#ffffff&#8221; box_shadow_position=&#8221;inner&#8221; saved_tabs=&#8221;all&#8221; global_colors_info=&#8221;{}&#8221;][et_pb_row column_structure=&#8221;2_3,1_3&#8243; admin_label=&#8221;CTA Row&#8221; _builder_version=&#8221;4.16&#8243; use_background_color_gradient=&#8221;on&#8221; background_color_gradient_direction=&#8221;243deg&#8221; background_color_gradient_stops=&#8221;#3D72E7 0%|#53A0FE 100%&#8221; background_color_gradient_start=&#8221;#3D72E7&#8243; background_color_gradient_end=&#8221;#53A0FE&#8221; custom_padding=&#8221;32px|40px||40px&#8221; border_radii=&#8221;on|4px|4px|4px|4px&#8221; global_colors_info=&#8221;{}&#8221;][et_pb_column type=&#8221;2_3&#8243; _builder_version=&#8221;4.16&#8243; custom_padding=&#8221;|||&#8221; global_colors_info=&#8221;{}&#8221; custom_padding__hover=&#8221;|||&#8221;][et_pb_text _builder_version=&#8221;4.16&#8243; text_font=&#8221;Nunito Sans||||||||&#8221; text_text_color=&#8221;#ffffff&#8221; text_font_size=&#8221;15px&#8221; header_font=&#8221;Nunito Sans|700|||||||&#8221; header_text_align=&#8221;left&#8221; header_text_color=&#8221;#ffffff&#8221; header_font_size=&#8221;35px&#8221; header_line_height=&#8221;1.4em&#8221; header_2_font=&#8221;Nunito Sans|700|||||||&#8221; header_2_text_align=&#8221;left&#8221; header_2_text_color=&#8221;#ffffff&#8221; header_2_font_size=&#8221;35px&#8221; header_2_line_height=&#8221;1.4em&#8221; header_3_font=&#8221;||||||||&#8221; header_4_font=&#8221;||||||||&#8221; header_5_font=&#8221;||||||||&#8221; header_6_font=&#8221;||||||||&#8221; custom_margin=&#8221;||| &#8221; global_colors_info=&#8221;{}&#8221;]<\/p>\n<h2>\u00bfListo para comenzar?<\/h2>\n<p>[\/et_pb_text][\/et_pb_column][et_pb_column type=&#8221;1_3&#8243; _builder_version=&#8221;4.16&#8243; custom_padding=&#8221;|||&#8221; global_colors_info=&#8221;{}&#8221; custom_padding__hover=&#8221;|||&#8221;][et_pb_button button_text=&#8221;\u00a1COMIENZA HOY!&#8221; button_alignment=&#8221;right&#8221; _builder_version=&#8221;4.21.0&#8243; custom_button=&#8221;on&#8221; button_text_size=&#8221;13px&#8221; button_text_color=&#8221;#3D72E7&#8243; button_bg_color=&#8221;#ffffff&#8221; button_bg_color_gradient_direction=&#8221;243deg&#8221; button_bg_color_gradient_stops=&#8221;#3D72E7 0%|#53a0fe 100%&#8221; button_bg_color_gradient_start=&#8221;#3D72E7&#8243; button_bg_color_gradient_end=&#8221;#53a0fe&#8221; button_border_width=&#8221;0px&#8221; button_border_radius=&#8221;26px&#8221; button_letter_spacing=&#8221;1px&#8221; button_font=&#8221;Nunito Sans|800||on|||||&#8221; button_use_icon=&#8221;off&#8221; custom_margin=&#8221;|||&#8221; custom_padding=&#8221;15px|30px|15px|30px&#8221; button_text_color_hover=&#8221;#3D72E7&#8243; button_border_radius_hover=&#8221;26px&#8221; button_letter_spacing_hover=&#8221;1px&#8221; button_bg_color_hover=&#8221;#ffffff&#8221; global_colors_info=&#8221;{}&#8221; button_text_size__hover_enabled=&#8221;off&#8221; button_one_text_size__hover_enabled=&#8221;off&#8221; button_two_text_size__hover_enabled=&#8221;off&#8221; button_text_color__hover_enabled=&#8221;on&#8221; button_text_color__hover=&#8221;#3D72E7&#8243; button_one_text_color__hover_enabled=&#8221;off&#8221; button_two_text_color__hover_enabled=&#8221;off&#8221; button_border_width__hover_enabled=&#8221;off&#8221; button_one_border_width__hover_enabled=&#8221;off&#8221; button_two_border_width__hover_enabled=&#8221;off&#8221; button_border_color__hover_enabled=&#8221;off&#8221; button_one_border_color__hover_enabled=&#8221;off&#8221; button_two_border_color__hover_enabled=&#8221;off&#8221; button_border_radius__hover_enabled=&#8221;on&#8221; button_border_radius__hover=&#8221;26px&#8221; button_one_border_radius__hover_enabled=&#8221;off&#8221; button_two_border_radius__hover_enabled=&#8221;off&#8221; button_letter_spacing__hover_enabled=&#8221;on&#8221; button_letter_spacing__hover=&#8221;1px&#8221; button_one_letter_spacing__hover_enabled=&#8221;off&#8221; button_two_letter_spacing__hover_enabled=&#8221;off&#8221; button_bg_color__hover_enabled=&#8221;on&#8221; button_bg_color__hover=&#8221;#ffffff&#8221; button_one_bg_color__hover_enabled=&#8221;off&#8221; button_two_bg_color__hover_enabled=&#8221;off&#8221;][\/et_pb_button][\/et_pb_column][\/et_pb_row][\/et_pb_section]<\/p>\n","protected":false},"excerpt":{"rendered":"<p>\u00bfQui\u00e9nes somos? Monitorea, protege y recibe con confianza.Impulsamos la confianza y la calidad en la cadena de fr\u00edo Nawari nace con la misi\u00f3n de hacer que la tecnolog\u00eda trabaje a favor de la calidad, la trazabilidad y la confianza entre productores, transportistas y clientes.Creamos soluciones que permiten monitorear en tiempo real las condiciones de transporte, [&hellip;]<\/p>\n","protected":false},"author":2,"featured_media":0,"parent":0,"menu_order":0,"comment_status":"closed","ping_status":"closed","template":"","meta":{"_et_pb_use_builder":"on","_et_pb_old_content":"","_et_gb_content_width":"","footnotes":""},"class_list":["post-413","page","type-page","status-publish","hentry"],"_links":{"self":[{"href":"https:\/\/nahum.agenciaadvantage.com\/index.php\/wp-json\/wp\/v2\/pages\/413","targetHints":{"allow":["GET"]}}],"collection":[{"href":"https:\/\/nahum.agenciaadvantage.com\/index.php\/wp-json\/wp\/v2\/pages"}],"about":[{"href":"https:\/\/nahum.agenciaadvantage.com\/index.php\/wp-json\/wp\/v2\/types\/page"}],"author":[{"embeddable":true,"href":"https:\/\/nahum.agenciaadvantage.com\/index.php\/wp-json\/wp\/v2\/users\/2"}],"replies":[{"embeddable":true,"href":"https:\/\/nahum.agenciaadvantage.com\/index.php\/wp-json\/wp\/v2\/comments?post=413"}],"version-history":[{"count":12,"href":"https:\/\/nahum.agenciaadvantage.com\/index.php\/wp-json\/wp\/v2\/pages\/413\/revisions"}],"predecessor-version":[{"id":952,"href":"https:\/\/nahum.agenciaadvantage.com\/index.php\/wp-json\/wp\/v2\/pages\/413\/revisions\/952"}],"wp:attachment":[{"href":"https:\/\/nahum.agenciaadvantage.com\/index.php\/wp-json\/wp\/v2\/media?parent=413"}],"curies":[{"name":"wp","href":"https:\/\/api.w.org\/{rel}","templated":true}]}}